{"id":39,"date":"2024-10-02T18:55:22","date_gmt":"2024-10-02T21:55:22","guid":{"rendered":"http:\/\/almpm.org.br\/?page_id=39"},"modified":"2024-11-19T18:09:39","modified_gmt":"2024-11-19T21:09:39","slug":"convenios","status":"publish","type":"page","link":"https:\/\/almpm.org.br\/index.php\/convenios\/","title":{"rendered":"Conv\u00eanios"},"content":{"rendered":"\n<h2 class=\"wp-block-heading\">Conv\u00eanios e Parcerias<\/h2>\n\n\n\n<div class=\"wp-block-columns is-layout-flex wp-container-core-columns-is-layout-9d6595d7 wp-block-columns-is-layout-flex\">\n<div class=\"wp-block-column is-layout-flow wp-block-column-is-layout-flow\" style=\"flex-basis:40%\"><div class=\"wp-block-image is-style-default\">\n<figure class=\"aligncenter size-full\"><img loading=\"lazy\" decoding=\"async\" width=\"470\" height=\"378\" src=\"https:\/\/almpm.org.br\/wp-content\/uploads\/2024\/11\/Convenios.png\" alt=\"\" class=\"wp-image-315\" style=\"aspect-ratio:4\/3;object-fit:contain\" srcset=\"https:\/\/almpm.org.br\/wp-content\/uploads\/2024\/11\/Convenios.png 470w, https:\/\/almpm.org.br\/wp-content\/uploads\/2024\/11\/Convenios-300x241.png 300w\" sizes=\"auto, (max-width: 470px) 100vw, 470px\" \/><\/figure>\n<\/div><\/div>\n\n\n\n<div class=\"wp-block-column is-layout-flow wp-block-column-is-layout-flow\" style=\"flex-basis:60%\">\n<div style=\"height:35px\" aria-hidden=\"true\" class=\"wp-block-spacer\"><\/div>\n\n\n\n<p>Torne-se um parceiro da ALMPM.<\/p>\n\n\n\n<p>Consolide sua marca na mem\u00f3ria de um p\u00fablico seleto e formador de opini\u00e3o.<\/p>\n\n\n\n<p>Entre em contato com&nbsp;<a href=\"mailto:secretaria@almpm.org.br\">secretaria@almpm.org.br<\/a><\/p>\n<\/div>\n<\/div>\n","protected":false},"excerpt":{"rendered":"<p>Conv\u00eanios e Parcerias Torne-se um parceiro da ALMPM. Consolide sua marca na mem\u00f3ria de um p\u00fablico seleto e formador de opini\u00e3o. Entre em contato com&nbsp;secretaria@almpm.org.br<\/p>\n","protected":false},"author":1,"featured_media":0,"parent":0,"menu_order":0,"comment_status":"closed","ping_status":"closed","template":"","meta":{"ngg_post_thumbnail":0,"footnotes":""},"class_list":["post-39","page","type-page","status-publish","hentry"],"_links":{"self":[{"href":"https:\/\/almpm.org.br\/index.php\/wp-json\/wp\/v2\/pages\/39","targetHints":{"allow":["GET"]}}],"collection":[{"href":"https:\/\/almpm.org.br\/index.php\/wp-json\/wp\/v2\/pages"}],"about":[{"href":"https:\/\/almpm.org.br\/index.php\/wp-json\/wp\/v2\/types\/page"}],"author":[{"embeddable":true,"href":"https:\/\/almpm.org.br\/index.php\/wp-json\/wp\/v2\/users\/1"}],"replies":[{"embeddable":true,"href":"https:\/\/almpm.org.br\/index.php\/wp-json\/wp\/v2\/comments?post=39"}],"version-history":[{"count":7,"href":"https:\/\/almpm.org.br\/index.php\/wp-json\/wp\/v2\/pages\/39\/revisions"}],"predecessor-version":[{"id":319,"href":"https:\/\/almpm.org.br\/index.php\/wp-json\/wp\/v2\/pages\/39\/revisions\/319"}],"wp:attachment":[{"href":"https:\/\/almpm.org.br\/index.php\/wp-json\/wp\/v2\/media?parent=39"}],"curies":[{"name":"wp","href":"https:\/\/api.w.org\/{rel}","templated":true}]}}