{"id":35,"date":"2024-10-02T18:51:43","date_gmt":"2024-10-02T21:51:43","guid":{"rendered":"http:\/\/almpm.org.br\/?page_id=35"},"modified":"2024-11-19T12:39:27","modified_gmt":"2024-11-19T15:39:27","slug":"presidentes","status":"publish","type":"page","link":"https:\/\/almpm.org.br\/index.php\/presidentes\/","title":{"rendered":"Presidentes"},"content":{"rendered":"\n<h2 class=\"wp-block-heading\">Galeria de Presidentes<\/h2>\n\n\n\n<p><\/p>\n\n\n\n<figure class=\"wp-block-table is-style-stripes has-small-font-size\"><table class=\"has-fixed-layout\"><thead>\n<tr><th class=\"has-text-align-center\" data-align=\"center\" width=\"30%\"><strong>Per\u00edodo<\/strong><\/th><th class=\"has-text-align-center\" data-align=\"center\" width=\"30%\"><strong>Presidente<\/strong><\/th><th class=\"has-text-align-left\" data-align=\"left\" width=\"40%\">Loja<\/th><\/tr><\/thead><tbody><tr><td class=\"has-text-align-center\" data-align=\"center\">12\/2015 at\u00e9 06\/2017<\/td><td class=\"has-text-align-center\" data-align=\"center\">Sandoval Terto de Oliveira<\/td><td class=\"has-text-align-left\" data-align=\"left\">Loja Ma\u00e7\u00f4nica Amor e Justi\u00e7a 3\u00aa, n\u00ba 47<\/td><\/tr><tr><td class=\"has-text-align-center\" data-align=\"center\">06\/2017 at\u00e9 06\/2019<\/td><td class=\"has-text-align-center\" data-align=\"center\">Rubens Alberto Garcia<\/td><td class=\"has-text-align-left\" data-align=\"left\">Loja Ma\u00e7\u00f4nica Esfor\u00e7o e Trabalho, n\u00ba 67&nbsp;<\/td><\/tr><tr><td class=\"has-text-align-center\" data-align=\"center\">06\/2019 at\u00e9 06\/2021<\/td><td class=\"has-text-align-center\" data-align=\"center\">Ant\u00f4nio Jos\u00e9 da Silva<\/td><td class=\"has-text-align-left\" data-align=\"left\">Loja Ma\u00e7\u00f4nica F\u00eanix do Alto Parana\u00edba, n\u00ba 2552<\/td><\/tr><tr><td class=\"has-text-align-center\" data-align=\"center\">06\/2021 at\u00e9 06\/2023<\/td><td class=\"has-text-align-center\" data-align=\"center\">Clebson Ver\u00edssimo de Almeida<\/td><td class=\"has-text-align-left\" data-align=\"left\">Loja Ma\u00e7\u00f4nica Paz e Harmonia, n\u00ba 281<\/td><\/tr><tr><td class=\"has-text-align-center\" data-align=\"center\">06\/2023 at\u00e9 06\/2025<\/td><td class=\"has-text-align-center\" data-align=\"center\">Marcus Vin\u00edcius Maciel Trajano<\/td><td class=\"has-text-align-left\" data-align=\"left\">Loja Ma\u00e7\u00f4nica Renova\u00e7\u00e3o e Sabedoria, n\u00ba 3489<\/td><\/tr><\/tbody><\/table><\/figure>\n","protected":false},"excerpt":{"rendered":"<p>Galeria de Presidentes Per\u00edodo Presidente Loja 12\/2015 at\u00e9 06\/2017 Sandoval Terto de Oliveira Loja Ma\u00e7\u00f4nica Amor e Justi\u00e7a 3\u00aa, n\u00ba 47 06\/2017 at\u00e9 06\/2019 Rubens Alberto Garcia Loja Ma\u00e7\u00f4nica Esfor\u00e7o e Trabalho, n\u00ba 67&nbsp; 06\/2019 at\u00e9 06\/2021 Ant\u00f4nio Jos\u00e9 da Silva Loja Ma\u00e7\u00f4nica F\u00eanix do Alto Parana\u00edba, n\u00ba 2552 06\/2021 at\u00e9 06\/2023 Clebson Ver\u00edssimo de&#8230;<\/p>\n","protected":false},"author":1,"featured_media":0,"parent":0,"menu_order":0,"comment_status":"closed","ping_status":"closed","template":"","meta":{"ngg_post_thumbnail":0,"footnotes":""},"class_list":["post-35","page","type-page","status-publish","hentry"],"_links":{"self":[{"href":"https:\/\/almpm.org.br\/index.php\/wp-json\/wp\/v2\/pages\/35","targetHints":{"allow":["GET"]}}],"collection":[{"href":"https:\/\/almpm.org.br\/index.php\/wp-json\/wp\/v2\/pages"}],"about":[{"href":"https:\/\/almpm.org.br\/index.php\/wp-json\/wp\/v2\/types\/page"}],"author":[{"embeddable":true,"href":"https:\/\/almpm.org.br\/index.php\/wp-json\/wp\/v2\/users\/1"}],"replies":[{"embeddable":true,"href":"https:\/\/almpm.org.br\/index.php\/wp-json\/wp\/v2\/comments?post=35"}],"version-history":[{"count":6,"href":"https:\/\/almpm.org.br\/index.php\/wp-json\/wp\/v2\/pages\/35\/revisions"}],"predecessor-version":[{"id":264,"href":"https:\/\/almpm.org.br\/index.php\/wp-json\/wp\/v2\/pages\/35\/revisions\/264"}],"wp:attachment":[{"href":"https:\/\/almpm.org.br\/index.php\/wp-json\/wp\/v2\/media?parent=35"}],"curies":[{"name":"wp","href":"https:\/\/api.w.org\/{rel}","templated":true}]}}