{"id":31,"date":"2024-10-02T19:03:04","date_gmt":"2024-10-02T22:03:04","guid":{"rendered":"http:\/\/almpm.org.br\/?page_id=31"},"modified":"2024-11-19T18:00:14","modified_gmt":"2024-11-19T21:00:14","slug":"index","status":"publish","type":"page","link":"https:\/\/almpm.org.br\/","title":{"rendered":"Principal"},"content":{"rendered":"\n<div class=\"wp-block-cover is-light\"><span aria-hidden=\"true\" class=\"wp-block-cover__background has-background-dim-70 has-background-dim\" style=\"background-color:#e0e0e0\"><\/span><img loading=\"lazy\" decoding=\"async\" width=\"800\" height=\"535\" class=\"wp-block-cover__image-background wp-image-19\" alt=\"\" src=\"http:\/\/almpm.org.br\/wp-content\/uploads\/2024\/09\/entrega-brinquedos-1.jpg\" style=\"object-position:53% 11%\" data-object-fit=\"cover\" data-object-position=\"53% 11%\" srcset=\"https:\/\/almpm.org.br\/wp-content\/uploads\/2024\/09\/entrega-brinquedos-1.jpg 800w, https:\/\/almpm.org.br\/wp-content\/uploads\/2024\/09\/entrega-brinquedos-1-300x201.jpg 300w, https:\/\/almpm.org.br\/wp-content\/uploads\/2024\/09\/entrega-brinquedos-1-768x514.jpg 768w\" sizes=\"auto, (max-width: 800px) 100vw, 800px\" \/><div class=\"wp-block-cover__inner-container is-layout-flow wp-block-cover-is-layout-flow\">\n<p class=\"has-text-align-center has-large-font-size\"><\/p>\n\n\n\n<div class=\"wp-block-columns is-layout-flex wp-container-core-columns-is-layout-9d6595d7 wp-block-columns-is-layout-flex\">\n<div class=\"wp-block-column is-layout-flow wp-block-column-is-layout-flow\" style=\"flex-basis:5%\"><\/div>\n\n\n\n<div class=\"wp-block-column is-layout-flow wp-block-column-is-layout-flow\" style=\"flex-basis:90%\">\n<h1 class=\"wp-block-heading has-text-align-center has-text-color has-link-color wp-elements-5e0dd83bf7367afc6d6813a42be9a2f5\" style=\"color:#004977\"><a href=\"http:\/\/almpm.org.br\/index.php\/quem-somos\/\" data-type=\"page\" data-id=\"61\">QUEM SOMOS<\/a><\/h1>\n\n\n\n<p class=\"has-text-align-center\">&#8230; naquele momento, pulsaram nos irm\u00e3os, desejos ardentes de praticar a benefic\u00eancia, especialmente a assist\u00eancia social aos menos favorecidos, assim como o de promover o fortalecimento da fraternidade entre os Irm\u00e3os e a Fam\u00edlia Ma\u00e7\u00f4nica de Patos de Minas, segundo os princ\u00edpios gerais da Ma\u00e7onaria Universal.<\/p>\n\n\n\n<p class=\"has-text-align-center\"><em>\u201cDo Hist\u00f3rico de Funda\u00e7\u00e3o da ALMPM\u201d<\/em><\/p>\n\n\n\n<p class=\"has-text-align-center\">\u00a0<\/p>\n<\/div>\n\n\n\n<div class=\"wp-block-column is-layout-flow wp-block-column-is-layout-flow\" style=\"flex-basis:5%\"><\/div>\n<\/div>\n<\/div><\/div>\n\n\n\n<div class=\"wp-block-columns is-layout-flex wp-container-core-columns-is-layout-9d6595d7 wp-block-columns-is-layout-flex\">\n<div class=\"wp-block-column is-layout-flow wp-block-column-is-layout-flow\"><\/div>\n<\/div>\n\n\n\n<h2 class=\"wp-block-heading has-text-color has-link-color\" style=\"color:#004977; margin-top: 5%;\"> <\/h2>\n\n\n\n<div class=\"wp-block-columns is-layout-flex wp-container-core-columns-is-layout-9d6595d7 wp-block-columns-is-layout-flex\">\n<div class=\"wp-block-column is-vertically-aligned-center is-layout-flow wp-block-column-is-layout-flow\">\n<div class=\"wp-block-columns is-layout-flex wp-container-core-columns-is-layout-9d6595d7 wp-block-columns-is-layout-flex\">\n<div class=\"wp-block-column is-layout-flow wp-block-column-is-layout-flow\">\n<div class=\"wp-block-buttons is-content-justification-center is-layout-flex wp-container-core-buttons-is-layout-51f7783f wp-block-buttons-is-layout-flex\">\n<div class=\"wp-block-button has-custom-width wp-block-button__width-100 is-style-outline is-style-outline--1\"><a class=\"wp-block-button__link has-text-color has-link-color wp-element-button\" href=\"http:\/\/almpm.org.br\/index.php\/lojas\/\" style=\"color:#7d9fb5\">Conhe\u00e7a as Lojas Associadas<\/a><\/div>\n<\/div>\n<\/div>\n<\/div>\n\n\n\n<div class=\"wp-block-columns is-layout-flex wp-container-core-columns-is-layout-9d6595d7 wp-block-columns-is-layout-flex\">\n<div class=\"wp-block-column is-layout-flow wp-block-column-is-layout-flow\"><div class=\"wp-block-image\">\n<figure class=\"aligncenter size-thumbnail\"><img loading=\"lazy\" decoding=\"async\" width=\"150\" height=\"150\" src=\"https:\/\/almpm.org.br\/wp-content\/uploads\/2024\/11\/Loja_Amor_e_Justica-removebg-preview-7-150x150.png\" alt=\"\" class=\"wp-image-294\" style=\"aspect-ratio:1;object-fit:cover\" srcset=\"https:\/\/almpm.org.br\/wp-content\/uploads\/2024\/11\/Loja_Amor_e_Justica-removebg-preview-7-150x150.png 150w, https:\/\/almpm.org.br\/wp-content\/uploads\/2024\/11\/Loja_Amor_e_Justica-removebg-preview-7-350x350.png 350w\" sizes=\"auto, (max-width: 150px) 100vw, 150px\" \/><\/figure>\n<\/div>\n\n\n<p class=\"has-text-align-center has-small-font-size\"><strong>Loja Amor e Justi\u00e7a, n\u00ba 3<\/strong><\/p>\n<\/div>\n\n\n\n<div class=\"wp-block-column is-layout-flow wp-block-column-is-layout-flow\"><div class=\"wp-block-image\">\n<figure class=\"aligncenter size-thumbnail\"><img loading=\"lazy\" decoding=\"async\" width=\"150\" height=\"150\" src=\"https:\/\/almpm.org.br\/wp-content\/uploads\/2024\/11\/EsforcoTrabalho-150x150.png\" alt=\"\" class=\"wp-image-305\" style=\"aspect-ratio:1;object-fit:cover\" srcset=\"https:\/\/almpm.org.br\/wp-content\/uploads\/2024\/11\/EsforcoTrabalho-150x150.png 150w, https:\/\/almpm.org.br\/wp-content\/uploads\/2024\/11\/EsforcoTrabalho-300x300.png 300w, https:\/\/almpm.org.br\/wp-content\/uploads\/2024\/11\/EsforcoTrabalho-768x768.png 768w, https:\/\/almpm.org.br\/wp-content\/uploads\/2024\/11\/EsforcoTrabalho-350x350.png 350w, https:\/\/almpm.org.br\/wp-content\/uploads\/2024\/11\/EsforcoTrabalho-600x600.png 600w, https:\/\/almpm.org.br\/wp-content\/uploads\/2024\/11\/EsforcoTrabalho.png 900w\" sizes=\"auto, (max-width: 150px) 100vw, 150px\" \/><\/figure>\n<\/div>\n\n\n<p class=\"has-text-align-center has-small-font-size\"><strong>Loja Esfor\u00e7o e Trabalho, n\u00ba 67<\/strong><\/p>\n<\/div>\n\n\n\n<div class=\"wp-block-column is-layout-flow wp-block-column-is-layout-flow\"><div class=\"wp-block-image is-style-default\">\n<figure class=\"aligncenter size-thumbnail\"><img loading=\"lazy\" decoding=\"async\" width=\"150\" height=\"150\" src=\"https:\/\/almpm.org.br\/wp-content\/uploads\/2024\/11\/fenix-do-Alto-Paranaiba-150x150.png\" alt=\"\" class=\"wp-image-303\" srcset=\"https:\/\/almpm.org.br\/wp-content\/uploads\/2024\/11\/fenix-do-Alto-Paranaiba-150x150.png 150w, https:\/\/almpm.org.br\/wp-content\/uploads\/2024\/11\/fenix-do-Alto-Paranaiba-300x300.png 300w, https:\/\/almpm.org.br\/wp-content\/uploads\/2024\/11\/fenix-do-Alto-Paranaiba-768x768.png 768w, https:\/\/almpm.org.br\/wp-content\/uploads\/2024\/11\/fenix-do-Alto-Paranaiba-350x350.png 350w, https:\/\/almpm.org.br\/wp-content\/uploads\/2024\/11\/fenix-do-Alto-Paranaiba-600x600.png 600w, https:\/\/almpm.org.br\/wp-content\/uploads\/2024\/11\/fenix-do-Alto-Paranaiba.png 900w\" sizes=\"auto, (max-width: 150px) 100vw, 150px\" \/><\/figure>\n<\/div>\n\n\n<p class=\"has-text-align-center has-small-font-size\"><strong>Loja F\u00eanix do Alto Parana\u00edba, n\u00ba 2552<\/strong><\/p>\n<\/div>\n\n\n\n<div class=\"wp-block-column is-layout-flow wp-block-column-is-layout-flow\"><div class=\"wp-block-image\">\n<figure class=\"aligncenter size-thumbnail\"><img loading=\"lazy\" decoding=\"async\" width=\"150\" height=\"150\" src=\"https:\/\/almpm.org.br\/wp-content\/uploads\/2024\/11\/Loja_Paz_e_Harmonia-removebg-preview-150x150.png\" alt=\"\" class=\"wp-image-298\" style=\"aspect-ratio:1;object-fit:cover\" srcset=\"https:\/\/almpm.org.br\/wp-content\/uploads\/2024\/11\/Loja_Paz_e_Harmonia-removebg-preview-150x150.png 150w, https:\/\/almpm.org.br\/wp-content\/uploads\/2024\/11\/Loja_Paz_e_Harmonia-removebg-preview-300x300.png 300w, https:\/\/almpm.org.br\/wp-content\/uploads\/2024\/11\/Loja_Paz_e_Harmonia-removebg-preview.png 318w\" sizes=\"auto, (max-width: 150px) 100vw, 150px\" \/><\/figure>\n<\/div>\n\n\n<p class=\"has-text-align-center has-small-font-size\"><strong>Loja Paz e Harmonia, n\u00ba 281<\/strong><\/p>\n<\/div>\n\n\n\n<div class=\"wp-block-column is-vertically-aligned-top is-layout-flow wp-block-column-is-layout-flow\"><div class=\"wp-block-image\">\n<figure class=\"aligncenter size-thumbnail\"><img loading=\"lazy\" decoding=\"async\" width=\"150\" height=\"150\" src=\"https:\/\/almpm.org.br\/wp-content\/uploads\/2024\/11\/Loja_Renovacao_e_Sabedoria-removebg-preview-150x150.png\" alt=\"\" class=\"wp-image-299\" style=\"aspect-ratio:1;object-fit:contain\" srcset=\"https:\/\/almpm.org.br\/wp-content\/uploads\/2024\/11\/Loja_Renovacao_e_Sabedoria-removebg-preview-150x150.png 150w, https:\/\/almpm.org.br\/wp-content\/uploads\/2024\/11\/Loja_Renovacao_e_Sabedoria-removebg-preview-350x350.png 350w\" sizes=\"auto, (max-width: 150px) 100vw, 150px\" \/><\/figure>\n<\/div>\n\n\n<p class=\"has-text-align-center has-small-font-size\"><strong>Loja Renova\u00e7\u00e3o e Sabedoria, n\u00ba 3489<\/strong><\/p>\n<\/div>\n\n\n\n<div class=\"wp-block-column is-layout-flow wp-block-column-is-layout-flow\"><div class=\"wp-block-image\">\n<figure class=\"aligncenter size-thumbnail\"><img loading=\"lazy\" decoding=\"async\" width=\"150\" height=\"150\" src=\"https:\/\/almpm.org.br\/wp-content\/uploads\/2024\/11\/Loja_Alfredo_Armada-removebg-preview-removebg-preview-150x150.png\" alt=\"\" class=\"wp-image-300\" style=\"aspect-ratio:1;object-fit:contain\" srcset=\"https:\/\/almpm.org.br\/wp-content\/uploads\/2024\/11\/Loja_Alfredo_Armada-removebg-preview-removebg-preview-150x150.png 150w, https:\/\/almpm.org.br\/wp-content\/uploads\/2024\/11\/Loja_Alfredo_Armada-removebg-preview-removebg-preview-350x350.png 350w\" sizes=\"auto, (max-width: 150px) 100vw, 150px\" \/><\/figure>\n<\/div>\n\n\n<p class=\"has-text-align-center has-small-font-size\"><strong>Loja de Estudos e Pesquisas Alfredo Armada, n\u00ba 335<\/strong><\/p>\n<\/div>\n<\/div>\n<\/div>\n<\/div>\n\n\n\n<div class=\"wp-block-columns is-layout-flex wp-container-core-columns-is-layout-9d6595d7 wp-block-columns-is-layout-flex\">\n<div class=\"wp-block-column is-layout-flow wp-block-column-is-layout-flow\">\n<hr class=\"wp-block-separator has-alpha-channel-opacity is-style-dots\"\/>\n<\/div>\n<\/div>\n\n\n\n<div class=\"wp-block-columns is-layout-flex wp-container-core-columns-is-layout-9d6595d7 wp-block-columns-is-layout-flex\">\n<div class=\"wp-block-column is-vertically-aligned-center is-layout-flow wp-block-column-is-layout-flow\" style=\"flex-basis:5%\"><\/div>\n\n\n\n<div class=\"wp-block-column is-vertically-aligned-center is-layout-flow wp-block-column-is-layout-flow\" style=\"flex-basis:90%\">\n<div id=\"metaslider-id-96\" style=\"width: 100%; margin: 0 auto;\" class=\"ml-slider-3-91-0 metaslider metaslider-flex metaslider-96 ml-slider ms-theme-default nav-hidden\" role=\"region\" aria-roledescription=\"Slideshow\" aria-label=\"New Slideshow\">\n    <div id=\"metaslider_container_96\">\n        <div id=\"metaslider_96\">\n            <ul class='slides'>\n                <li style=\"display: block; width: 100%;\" class=\"slide-98 ms-image \" aria-roledescription=\"slide\" aria-label=\"slide-98\"><img loading=\"lazy\" decoding=\"async\" src=\"https:\/\/almpm.org.br\/wp-content\/uploads\/2024\/10\/slider_entrega_creche.jpg\" height=\"300\" width=\"600\" alt=\"\" class=\"slider-96 slide-98\" title=\"slider_entrega_creche\" \/><div class=\"caption-wrap\"><div class=\"caption\"><div>Entrega de Brinquedos para crian\u00e7as da creche.<\/div><\/div><\/div><\/li>\n                <li style=\"display: none; width: 100%;\" class=\"slide-97 ms-image \" aria-roledescription=\"slide\" aria-label=\"slide-97\"><img loading=\"lazy\" decoding=\"async\" src=\"https:\/\/almpm.org.br\/wp-content\/uploads\/2024\/10\/slider_creche.jpg\" height=\"300\" width=\"600\" alt=\"\" class=\"slider-96 slide-97\" title=\"slider_creche\" \/><div class=\"caption-wrap\"><div class=\"caption\"><div>Entrega de Brinquedos para crian\u00e7as da creche.<\/div><\/div><\/div><\/li>\n                <li style=\"display: none; width: 100%;\" class=\"slide-99 ms-image \" aria-roledescription=\"slide\" aria-label=\"slide-99\"><img loading=\"lazy\" decoding=\"async\" src=\"https:\/\/almpm.org.br\/wp-content\/uploads\/2024\/10\/slider_leilao.jpg\" height=\"300\" width=\"600\" alt=\"\" class=\"slider-96 slide-99\" title=\"slider_leilao\" \/><div class=\"caption-wrap\"><div class=\"caption\"><div>Leil\u00e3o do Bem 2016<\/div><\/div><\/div><\/li>\n                <li style=\"display: none; width: 100%;\" class=\"slide-100 ms-image \" aria-roledescription=\"slide\" aria-label=\"slide-100\"><img loading=\"lazy\" decoding=\"async\" src=\"https:\/\/almpm.org.br\/wp-content\/uploads\/2024\/10\/slider_leilao2.jpg\" height=\"300\" width=\"600\" alt=\"\" class=\"slider-96 slide-100\" title=\"slider_leilao2\" \/><div class=\"caption-wrap\"><div class=\"caption\"><div>Leil\u00e3o do Bem 2019<\/div><\/div><\/div><\/li>\n                <li style=\"display: none; width: 100%;\" class=\"slide-101 ms-image \" aria-roledescription=\"slide\" aria-label=\"slide-101\"><img loading=\"lazy\" decoding=\"async\" src=\"https:\/\/almpm.org.br\/wp-content\/uploads\/2024\/10\/slider_leilao3.jpg\" height=\"300\" width=\"600\" alt=\"\" class=\"slider-96 slide-101\" title=\"slider_leilao3\" \/><div class=\"caption-wrap\"><div class=\"caption\"><div>Leil\u00e3o do Bem 2019<\/div><\/div><\/div><\/li>\n            <\/ul>\n        <\/div>\n        \n    <\/div>\n<\/div>\n<\/div>\n\n\n\n<div class=\"wp-block-column is-vertically-aligned-center is-layout-flow wp-block-column-is-layout-flow\" style=\"flex-basis:5%\"><\/div>\n<\/div>\n\n\n\n<div class=\"wp-block-columns is-layout-flex wp-container-core-columns-is-layout-9d6595d7 wp-block-columns-is-layout-flex\">\n<div class=\"wp-block-column is-layout-flow wp-block-column-is-layout-flow\"><\/div>\n<\/div>\n\n\n\n<div class=\"wp-block-columns is-layout-flex wp-container-core-columns-is-layout-9d6595d7 wp-block-columns-is-layout-flex\">\n<div class=\"wp-block-column is-layout-flow wp-block-column-is-layout-flow\">\n<h2 class=\"wp-block-heading has-text-color has-link-color\" style=\"color:#004977; margin-top: 5%;\"> <\/h2>\n\n\n\n<div class=\"wp-block-buttons is-layout-flex wp-block-buttons-is-layout-flex\">\n<div class=\"wp-block-button has-custom-width wp-block-button__width-100 is-style-outline is-style-outline--2\"><a class=\"wp-block-button__link has-text-color has-link-color wp-element-button\" href=\"http:\/\/almpm.org.br\/index.php\/patrocinadores\/\" style=\"color:#7d9fb5\">Parcerias e Patrocinadores<\/a><\/div>\n<\/div>\n<\/div>\n<\/div>\n\n\n\n<div class=\"wp-block-columns is-layout-flex wp-container-core-columns-is-layout-9d6595d7 wp-block-columns-is-layout-flex\">\n<div class=\"wp-block-column is-layout-flow wp-block-column-is-layout-flow\">\n<figure class=\"wp-block-image size-full\"><img loading=\"lazy\" decoding=\"async\" width=\"800\" height=\"800\" src=\"http:\/\/almpm.org.br\/wp-content\/uploads\/2024\/11\/violencia.png\" alt=\"\" class=\"wp-image-311\" style=\"aspect-ratio:1;object-fit:cover\" srcset=\"https:\/\/almpm.org.br\/wp-content\/uploads\/2024\/11\/violencia.png 800w, https:\/\/almpm.org.br\/wp-content\/uploads\/2024\/11\/violencia-300x300.png 300w, https:\/\/almpm.org.br\/wp-content\/uploads\/2024\/11\/violencia-150x150.png 150w, https:\/\/almpm.org.br\/wp-content\/uploads\/2024\/11\/violencia-768x768.png 768w, https:\/\/almpm.org.br\/wp-content\/uploads\/2024\/11\/violencia-350x350.png 350w, https:\/\/almpm.org.br\/wp-content\/uploads\/2024\/11\/violencia-600x600.png 600w\" sizes=\"auto, (max-width: 800px) 100vw, 800px\" \/><\/figure>\n<\/div>\n\n\n\n<div class=\"wp-block-column is-layout-flow wp-block-column-is-layout-flow\">\n<figure class=\"wp-block-image size-full\"><img loading=\"lazy\" decoding=\"async\" width=\"800\" height=\"800\" src=\"https:\/\/almpm.org.br\/wp-content\/uploads\/2024\/11\/doacao.png\" alt=\"\" class=\"wp-image-312\" style=\"aspect-ratio:1;object-fit:cover\" srcset=\"https:\/\/almpm.org.br\/wp-content\/uploads\/2024\/11\/doacao.png 800w, https:\/\/almpm.org.br\/wp-content\/uploads\/2024\/11\/doacao-300x300.png 300w, https:\/\/almpm.org.br\/wp-content\/uploads\/2024\/11\/doacao-150x150.png 150w, https:\/\/almpm.org.br\/wp-content\/uploads\/2024\/11\/doacao-768x768.png 768w, https:\/\/almpm.org.br\/wp-content\/uploads\/2024\/11\/doacao-350x350.png 350w, https:\/\/almpm.org.br\/wp-content\/uploads\/2024\/11\/doacao-600x600.png 600w\" sizes=\"auto, (max-width: 800px) 100vw, 800px\" \/><\/figure>\n<\/div>\n\n\n\n<div class=\"wp-block-column is-layout-flow wp-block-column-is-layout-flow\">\n<figure class=\"wp-block-image size-full\"><a href=\"https:\/\/almpm.org.br\/index.php\/anuncie-aqui\/\"><img loading=\"lazy\" decoding=\"async\" width=\"225\" height=\"225\" src=\"http:\/\/almpm.org.br\/wp-content\/uploads\/2024\/11\/Anuncie-Aqui.png\" alt=\"\" class=\"wp-image-309\" style=\"aspect-ratio:1;object-fit:cover\" srcset=\"https:\/\/almpm.org.br\/wp-content\/uploads\/2024\/11\/Anuncie-Aqui.png 225w, https:\/\/almpm.org.br\/wp-content\/uploads\/2024\/11\/Anuncie-Aqui-150x150.png 150w\" sizes=\"auto, (max-width: 225px) 100vw, 225px\" \/><\/a><\/figure>\n<\/div>\n\n\n\n<div class=\"wp-block-column is-layout-flow wp-block-column-is-layout-flow\">\n<figure class=\"wp-block-image size-full\"><a href=\"http:\/\/almpm.org.br\/anuncios.php\"><img loading=\"lazy\" decoding=\"async\" width=\"225\" height=\"225\" src=\"https:\/\/almpm.org.br\/wp-content\/uploads\/2024\/11\/Anuncie-Aqui.png\" alt=\"\" class=\"wp-image-309\" style=\"aspect-ratio:1;object-fit:cover\" srcset=\"https:\/\/almpm.org.br\/wp-content\/uploads\/2024\/11\/Anuncie-Aqui.png 225w, https:\/\/almpm.org.br\/wp-content\/uploads\/2024\/11\/Anuncie-Aqui-150x150.png 150w\" sizes=\"auto, (max-width: 225px) 100vw, 225px\" \/><\/a><\/figure>\n<\/div>\n<\/div>\n\n\n\n<hr class=\"wp-block-separator has-alpha-channel-opacity is-style-dots\" style=\"margin-bottom: 5%;\"\/>\n\n\n\n<div class=\"wp-block-columns is-layout-flex wp-container-core-columns-is-layout-9d6595d7 wp-block-columns-is-layout-flex\">\n<div class=\"wp-block-column is-layout-flow wp-block-column-is-layout-flow\">\n<h2 class=\"wp-block-heading has-text-align-center\">Agenda de Eventos<\/h2>\n<\/div>\n<\/div>\n\n\n\n<div class=\"wp-block-columns is-layout-flex wp-container-core-columns-is-layout-9d6595d7 wp-block-columns-is-layout-flex\">\n<div class=\"wp-block-column is-layout-flow wp-block-column-is-layout-flow\">\n<script type=\"text\/javascript\">\nfunction calcHeight(iframeElement){\n    var the_height=  iframeElement.contentWindow.document.body.scrollHeight;\n    iframeElement.height=  the_height;\n}\n<\/script>\n<iframe src=\"https:\/\/almpm.org.br\/agenda_eventos.php\" onload=\"calcHeight(this);\" frameborder=\"0\" scrolling=\"yes\" seamless=\"seamless\" style=\"display:block; width:100%; height:100vh;\"><\/iframe>\n<\/div>\n<\/div>\n\n\n\n<div class=\"wp-block-columns is-layout-flex wp-container-core-columns-is-layout-9d6595d7 wp-block-columns-is-layout-flex\">\n<div class=\"wp-block-column is-layout-flow wp-block-column-is-layout-flow\">\n<h2 class=\"wp-block-heading has-text-align-center\">Galeria de Fotos<\/h2>\n\n\n\n<figure class=\"wp-block-gallery has-nested-images columns-4 is-cropped has-white-background-color has-background wp-block-gallery-3 is-layout-flex wp-block-gallery-is-layout-flex\">\n<figure class=\"wp-block-image size-large\"><a ref=\"magnificPopup\" href=\"http:\/\/almpm.org.br\/wp-content\/uploads\/2024\/10\/entrega-creche.jpg\"><img loading=\"lazy\" decoding=\"async\" width=\"662\" height=\"423\" data-id=\"125\" src=\"http:\/\/almpm.org.br\/wp-content\/uploads\/2024\/10\/entrega-creche.jpg\" alt=\"\" class=\"wp-image-125\" srcset=\"https:\/\/almpm.org.br\/wp-content\/uploads\/2024\/10\/entrega-creche.jpg 662w, https:\/\/almpm.org.br\/wp-content\/uploads\/2024\/10\/entrega-creche-300x192.jpg 300w, https:\/\/almpm.org.br\/wp-content\/uploads\/2024\/10\/entrega-creche-600x383.jpg 600w\" sizes=\"auto, (max-width: 662px) 100vw, 662px\" \/><\/a><\/figure>\n\n\n\n<figure class=\"wp-block-image size-full\"><a ref=\"magnificPopup\" href=\"http:\/\/almpm.org.br\/wp-content\/uploads\/2024\/10\/paz-e-harmonia-26-09-2016.jpg\"><img loading=\"lazy\" decoding=\"async\" width=\"857\" height=\"509\" data-id=\"138\" src=\"http:\/\/almpm.org.br\/wp-content\/uploads\/2024\/10\/paz-e-harmonia-26-09-2016.jpg\" alt=\"\" class=\"wp-image-138\" srcset=\"https:\/\/almpm.org.br\/wp-content\/uploads\/2024\/10\/paz-e-harmonia-26-09-2016.jpg 857w, https:\/\/almpm.org.br\/wp-content\/uploads\/2024\/10\/paz-e-harmonia-26-09-2016-300x178.jpg 300w, https:\/\/almpm.org.br\/wp-content\/uploads\/2024\/10\/paz-e-harmonia-26-09-2016-768x456.jpg 768w, https:\/\/almpm.org.br\/wp-content\/uploads\/2024\/10\/paz-e-harmonia-26-09-2016-600x356.jpg 600w\" sizes=\"auto, (max-width: 857px) 100vw, 857px\" \/><\/a><\/figure>\n\n\n\n<figure class=\"wp-block-image size-large\"><a ref=\"magnificPopup\" href=\"http:\/\/almpm.org.br\/wp-content\/uploads\/2024\/10\/entrega-brinquedos-8.jpg\"><img loading=\"lazy\" decoding=\"async\" width=\"800\" height=\"535\" data-id=\"127\" src=\"http:\/\/almpm.org.br\/wp-content\/uploads\/2024\/10\/entrega-brinquedos-8.jpg\" alt=\"\" class=\"wp-image-127\" srcset=\"https:\/\/almpm.org.br\/wp-content\/uploads\/2024\/10\/entrega-brinquedos-8.jpg 800w, https:\/\/almpm.org.br\/wp-content\/uploads\/2024\/10\/entrega-brinquedos-8-300x201.jpg 300w, https:\/\/almpm.org.br\/wp-content\/uploads\/2024\/10\/entrega-brinquedos-8-768x514.jpg 768w, https:\/\/almpm.org.br\/wp-content\/uploads\/2024\/10\/entrega-brinquedos-8-600x401.jpg 600w\" sizes=\"auto, (max-width: 800px) 100vw, 800px\" \/><\/a><\/figure>\n\n\n\n<figure class=\"wp-block-image size-large\"><a ref=\"magnificPopup\" href=\"http:\/\/almpm.org.br\/wp-content\/uploads\/2024\/10\/entrega-brinquedos-17.jpg\"><img loading=\"lazy\" decoding=\"async\" width=\"800\" height=\"535\" data-id=\"128\" src=\"http:\/\/almpm.org.br\/wp-content\/uploads\/2024\/10\/entrega-brinquedos-17.jpg\" alt=\"\" class=\"wp-image-128\" srcset=\"https:\/\/almpm.org.br\/wp-content\/uploads\/2024\/10\/entrega-brinquedos-17.jpg 800w, https:\/\/almpm.org.br\/wp-content\/uploads\/2024\/10\/entrega-brinquedos-17-300x201.jpg 300w, https:\/\/almpm.org.br\/wp-content\/uploads\/2024\/10\/entrega-brinquedos-17-768x514.jpg 768w, https:\/\/almpm.org.br\/wp-content\/uploads\/2024\/10\/entrega-brinquedos-17-600x401.jpg 600w\" sizes=\"auto, (max-width: 800px) 100vw, 800px\" \/><\/a><\/figure>\n\n\n\n<figure class=\"wp-block-image size-large\"><a ref=\"magnificPopup\" href=\"http:\/\/almpm.org.br\/wp-content\/uploads\/2024\/10\/leilao-do-bem_17_04_16.jpg\"><img loading=\"lazy\" decoding=\"async\" width=\"661\" height=\"366\" data-id=\"129\" src=\"http:\/\/almpm.org.br\/wp-content\/uploads\/2024\/10\/leilao-do-bem_17_04_16.jpg\" alt=\"\" class=\"wp-image-129\" srcset=\"https:\/\/almpm.org.br\/wp-content\/uploads\/2024\/10\/leilao-do-bem_17_04_16.jpg 661w, https:\/\/almpm.org.br\/wp-content\/uploads\/2024\/10\/leilao-do-bem_17_04_16-300x166.jpg 300w, https:\/\/almpm.org.br\/wp-content\/uploads\/2024\/10\/leilao-do-bem_17_04_16-600x332.jpg 600w\" sizes=\"auto, (max-width: 661px) 100vw, 661px\" \/><\/a><\/figure>\n\n\n\n<figure class=\"wp-block-image size-large\"><a ref=\"magnificPopup\" href=\"http:\/\/almpm.org.br\/wp-content\/uploads\/2024\/10\/leilao2019.jpg\"><img loading=\"lazy\" decoding=\"async\" width=\"734\" height=\"551\" data-id=\"130\" src=\"http:\/\/almpm.org.br\/wp-content\/uploads\/2024\/10\/leilao2019.jpg\" alt=\"\" class=\"wp-image-130\" srcset=\"https:\/\/almpm.org.br\/wp-content\/uploads\/2024\/10\/leilao2019.jpg 734w, https:\/\/almpm.org.br\/wp-content\/uploads\/2024\/10\/leilao2019-300x225.jpg 300w, https:\/\/almpm.org.br\/wp-content\/uploads\/2024\/10\/leilao2019-600x450.jpg 600w\" sizes=\"auto, (max-width: 734px) 100vw, 734px\" \/><\/a><\/figure>\n\n\n\n<figure class=\"wp-block-image size-large\"><a ref=\"magnificPopup\" href=\"http:\/\/almpm.org.br\/wp-content\/uploads\/2024\/10\/leilao2019_.jpg\"><img loading=\"lazy\" decoding=\"async\" width=\"671\" height=\"504\" data-id=\"131\" src=\"http:\/\/almpm.org.br\/wp-content\/uploads\/2024\/10\/leilao2019_.jpg\" alt=\"\" class=\"wp-image-131\" srcset=\"https:\/\/almpm.org.br\/wp-content\/uploads\/2024\/10\/leilao2019_.jpg 671w, https:\/\/almpm.org.br\/wp-content\/uploads\/2024\/10\/leilao2019_-300x225.jpg 300w, https:\/\/almpm.org.br\/wp-content\/uploads\/2024\/10\/leilao2019_-600x451.jpg 600w\" sizes=\"auto, (max-width: 671px) 100vw, 671px\" \/><\/a><\/figure>\n\n\n\n<figure class=\"wp-block-image size-large\"><a ref=\"magnificPopup\" href=\"http:\/\/almpm.org.br\/wp-content\/uploads\/2024\/10\/leilao2019_2.jpg\"><img loading=\"lazy\" decoding=\"async\" width=\"671\" height=\"504\" data-id=\"132\" src=\"http:\/\/almpm.org.br\/wp-content\/uploads\/2024\/10\/leilao2019_2.jpg\" alt=\"\" class=\"wp-image-132\" srcset=\"https:\/\/almpm.org.br\/wp-content\/uploads\/2024\/10\/leilao2019_2.jpg 671w, https:\/\/almpm.org.br\/wp-content\/uploads\/2024\/10\/leilao2019_2-300x225.jpg 300w, https:\/\/almpm.org.br\/wp-content\/uploads\/2024\/10\/leilao2019_2-600x451.jpg 600w\" sizes=\"auto, (max-width: 671px) 100vw, 671px\" \/><\/a><\/figure>\n<\/figure>\n<\/div>\n<\/div>\n\n\n\n<div class=\"wp-block-buttons is-layout-flex wp-block-buttons-is-layout-flex\">\n<div class=\"wp-block-button has-custom-width wp-block-button__width-100 is-style-outline is-style-outline--4\"><a class=\"wp-block-button__link has-text-color has-link-color wp-element-button\" href=\"http:\/\/almpm.org.br\/index.php\/galeria-de-fotos\/\" style=\"color:#7d9fb5\">Ir para a Galeria de Fotos Completa<\/a><\/div>\n<\/div>\n\n\n\n<p><\/p>\n","protected":false},"excerpt":{"rendered":"<p>Loja Amor e Justi\u00e7a, n\u00ba 3 Loja Esfor\u00e7o e Trabalho, n\u00ba 67 Loja F\u00eanix do Alto Parana\u00edba, n\u00ba 2552 Loja Paz e Harmonia, n\u00ba 281 Loja Renova\u00e7\u00e3o e Sabedoria, n\u00ba 3489 Loja de Estudos e Pesquisas Alfredo Armada, n\u00ba 335 Agenda de Eventos Galeria de Fotos<\/p>\n","protected":false},"author":1,"featured_media":0,"parent":0,"menu_order":0,"comment_status":"closed","ping_status":"closed","template":"","meta":{"ngg_post_thumbnail":0,"footnotes":""},"class_list":["post-31","page","type-page","status-publish","hentry"],"_links":{"self":[{"href":"https:\/\/almpm.org.br\/index.php\/wp-json\/wp\/v2\/pages\/31","targetHints":{"allow":["GET"]}}],"collection":[{"href":"https:\/\/almpm.org.br\/index.php\/wp-json\/wp\/v2\/pages"}],"about":[{"href":"https:\/\/almpm.org.br\/index.php\/wp-json\/wp\/v2\/types\/page"}],"author":[{"embeddable":true,"href":"https:\/\/almpm.org.br\/index.php\/wp-json\/wp\/v2\/users\/1"}],"replies":[{"embeddable":true,"href":"https:\/\/almpm.org.br\/index.php\/wp-json\/wp\/v2\/comments?post=31"}],"version-history":[{"count":51,"href":"https:\/\/almpm.org.br\/index.php\/wp-json\/wp\/v2\/pages\/31\/revisions"}],"predecessor-version":[{"id":313,"href":"https:\/\/almpm.org.br\/index.php\/wp-json\/wp\/v2\/pages\/31\/revisions\/313"}],"wp:attachment":[{"href":"https:\/\/almpm.org.br\/index.php\/wp-json\/wp\/v2\/media?parent=31"}],"curies":[{"name":"wp","href":"https:\/\/api.w.org\/{rel}","templated":true}]}}