{"id":265,"date":"2024-11-19T12:52:58","date_gmt":"2024-11-19T15:52:58","guid":{"rendered":"https:\/\/almpm.org.br\/?page_id=265"},"modified":"2024-11-19T15:01:18","modified_gmt":"2024-11-19T18:01:18","slug":"diretoria-executiva","status":"publish","type":"page","link":"https:\/\/almpm.org.br\/index.php\/diretoria-executiva\/","title":{"rendered":"Diretoria Executiva"},"content":{"rendered":"\n<h2 class=\"wp-block-heading\">Diretoria Executiva<\/h2>\n\n\n\n<figure class=\"wp-block-table is-style-stripes has-small-font-size\"><table class=\"has-fixed-layout\"><thead><tr>\n<th class=\"has-text-align-left\" data-align=\"left\" width=\"30%\">Cargo<\/th>\n<th class=\"has-text-align-left\" data-align=\"left\" width=\"30%\">Irm\u00e3o<\/th>\n<th class=\"has-text-align-left\" data-align=\"left\" width=\"40%\">Loja<\/th>\n<\/tr><\/thead><tbody><tr><td class=\"has-text-align-left\" data-align=\"left\">PRESIDENTE<\/td><td>Marcus Vin\u00edcius Maciel Trajano<\/td><td>Loja Ma\u00e7\u00f4nica Renova\u00e7\u00e3o e Sabedoria, n\u00ba 3489<\/td><\/tr><tr><td class=\"has-text-align-left\" data-align=\"left\">VICE-PRESIDENTE<\/td><td>Ant\u00f4nio Jos\u00e9 da Silva<\/td><td>Loja Ma\u00e7\u00f4nica F\u00eanix do Alto Parana\u00edba, n\u00ba 2552<\/td><\/tr><tr><td class=\"has-text-align-left\" data-align=\"left\">1\u00ba SECRET\u00c1RIO<\/td><td>Eust\u00e1quio Jos\u00e9 Bomtempo<\/td><td>Loja Ma\u00e7\u00f4nica Esfor\u00e7o e Trabalho, n\u00ba 67<\/td><\/tr><tr><td class=\"has-text-align-left\" data-align=\"left\">2\u00ba SECRET\u00c1RIO<\/td><td>Andr\u00e9 Palhares de Magalh\u00e3es<\/td><td>Loja Ma\u00e7\u00f4nica&nbsp;Alfredo Armada, n\u00ba 335<\/td><\/tr><tr><td class=\"has-text-align-left\" data-align=\"left\">1\u00ba TESOUREIRO<\/td><td>Leonardo Braga dos Reis<\/td><td>Loja Ma\u00e7\u00f4nica Amor e Justi\u00e7a 3\u00aa, n\u00ba 47<\/td><\/tr><tr><td class=\"has-text-align-left\" data-align=\"left\">2\u00ba TESOUREIRO<\/td><td>Geraldo Ant\u00f4nio Boaventura<\/td><td>Loja Ma\u00e7\u00f4nica Paz e Harmonia, n\u00ba 281<\/td><\/tr><\/tbody><\/table><\/figure>\n","protected":false},"excerpt":{"rendered":"<p>Diretoria Executiva Cargo Irm\u00e3o Loja PRESIDENTE Marcus Vin\u00edcius Maciel Trajano Loja Ma\u00e7\u00f4nica Renova\u00e7\u00e3o e Sabedoria, n\u00ba 3489 VICE-PRESIDENTE Ant\u00f4nio Jos\u00e9 da Silva Loja Ma\u00e7\u00f4nica F\u00eanix do Alto Parana\u00edba, n\u00ba 2552 1\u00ba SECRET\u00c1RIO Eust\u00e1quio Jos\u00e9 Bomtempo Loja Ma\u00e7\u00f4nica Esfor\u00e7o e Trabalho, n\u00ba 67 2\u00ba SECRET\u00c1RIO Andr\u00e9 Palhares de Magalh\u00e3es Loja Ma\u00e7\u00f4nica&nbsp;Alfredo Armada, n\u00ba 335 1\u00ba TESOUREIRO&#8230;<\/p>\n","protected":false},"author":1,"featured_media":0,"parent":0,"menu_order":0,"comment_status":"closed","ping_status":"closed","template":"","meta":{"ngg_post_thumbnail":0,"footnotes":""},"class_list":["post-265","page","type-page","status-publish","hentry"],"_links":{"self":[{"href":"https:\/\/almpm.org.br\/index.php\/wp-json\/wp\/v2\/pages\/265","targetHints":{"allow":["GET"]}}],"collection":[{"href":"https:\/\/almpm.org.br\/index.php\/wp-json\/wp\/v2\/pages"}],"about":[{"href":"https:\/\/almpm.org.br\/index.php\/wp-json\/wp\/v2\/types\/page"}],"author":[{"embeddable":true,"href":"https:\/\/almpm.org.br\/index.php\/wp-json\/wp\/v2\/users\/1"}],"replies":[{"embeddable":true,"href":"https:\/\/almpm.org.br\/index.php\/wp-json\/wp\/v2\/comments?post=265"}],"version-history":[{"count":4,"href":"https:\/\/almpm.org.br\/index.php\/wp-json\/wp\/v2\/pages\/265\/revisions"}],"predecessor-version":[{"id":278,"href":"https:\/\/almpm.org.br\/index.php\/wp-json\/wp\/v2\/pages\/265\/revisions\/278"}],"wp:attachment":[{"href":"https:\/\/almpm.org.br\/index.php\/wp-json\/wp\/v2\/media?parent=265"}],"curies":[{"name":"wp","href":"https:\/\/api.w.org\/{rel}","templated":true}]}}