{"id":162,"date":"2024-10-04T10:24:05","date_gmt":"2024-10-04T13:24:05","guid":{"rendered":"http:\/\/almpm.org.br\/?page_id=162"},"modified":"2024-11-19T14:57:13","modified_gmt":"2024-11-19T17:57:13","slug":"presidentes-conselho-fiscal","status":"publish","type":"page","link":"https:\/\/almpm.org.br\/index.php\/presidentes-conselho-fiscal\/","title":{"rendered":"Presidentes Conselho Fiscal"},"content":{"rendered":"\n<h2 class=\"wp-block-heading\">Conselho Fiscal<\/h2>\n\n\n\n<figure class=\"wp-block-table is-style-stripes has-small-font-size\"><table class=\"has-fixed-layout\"><thead><tr><th class=\"has-text-align-left\" data-align=\"left\" width=\"30%\">Cargo<\/th><th class=\"has-text-align-left\" data-align=\"left\" width=\"30%\">Irm\u00e3o<\/th><th class=\"has-text-align-left\" data-align=\"left\" width=\"40%\">Loja<\/th><\/tr><\/thead><tbody><tr><td class=\"has-text-align-left\" data-align=\"left\">PRESIDENTE<\/td><td class=\"has-text-align-left\" data-align=\"left\">Juliano Cunha Vinhal<\/td><td class=\"has-text-align-left\" data-align=\"left\">Loja Ma\u00e7\u00f4nica Amor e Justi\u00e7a 3\u00aa, n\u00ba 47<\/td><\/tr><tr><td class=\"has-text-align-left\" data-align=\"left\">VICE-PRESIDENTE<\/td><td class=\"has-text-align-left\" data-align=\"left\">Jorge Cesar da Silva<\/td><td class=\"has-text-align-left\" data-align=\"left\">Loja Ma\u00e7\u00f4nica Renova\u00e7\u00e3o e Sabedoria, n\u00ba 3489<\/td><\/tr><tr><td class=\"has-text-align-left\" data-align=\"left\">1\u00ba SECRET\u00c1RIO<\/td><td class=\"has-text-align-left\" data-align=\"left\">Luis Anthero Ribeiro<\/td><td class=\"has-text-align-left\" data-align=\"left\">Loja Ma\u00e7\u00f4nica Esfor\u00e7o e Trabalho, n\u00ba 67<\/td><\/tr><tr><td class=\"has-text-align-left\" data-align=\"left\">2\u00ba SECRET\u00c1RIO<\/td><td class=\"has-text-align-left\" data-align=\"left\">Vando Lopes da Cruz<\/td><td class=\"has-text-align-left\" data-align=\"left\">Loja Ma\u00e7\u00f4nica\u00a0Alfredo Armada, n\u00ba 335<\/td><\/tr><tr><td class=\"has-text-align-left\" data-align=\"left\">1\u00ba CONSELHEIRO<\/td><td class=\"has-text-align-left\" data-align=\"left\">C\u00e9sar Augusto Lino de Carvalho<\/td><td class=\"has-text-align-left\" data-align=\"left\">Loja Ma\u00e7\u00f4nica F\u00eanix do Alto Parana\u00edba, n\u00ba 2552<\/td><\/tr><tr><td class=\"has-text-align-left\" data-align=\"left\">2\u00ba CONSELHEIRO<\/td><td class=\"has-text-align-left\" data-align=\"left\">Artur Alberto Sim\u00f5es Marra<\/td><td class=\"has-text-align-left\" data-align=\"left\">Loja Ma\u00e7\u00f4nica Paz e Harmonia, n\u00ba 281<\/td><\/tr><tr><td class=\"has-text-align-left\" data-align=\"left\"><\/td><td class=\"has-text-align-left\" data-align=\"left\"><\/td><td class=\"has-text-align-left\" data-align=\"left\"><\/td><\/tr><tr><td class=\"has-text-align-left\" data-align=\"left\"><\/td><td class=\"has-text-align-left\" data-align=\"left\"><\/td><td class=\"has-text-align-left\" data-align=\"left\"><\/td><\/tr><tr><td class=\"has-text-align-left\" data-align=\"left\"><\/td><td class=\"has-text-align-left\" data-align=\"left\"><\/td><td class=\"has-text-align-left\" data-align=\"left\"><\/td><\/tr><tr><td class=\"has-text-align-left\" data-align=\"left\"><\/td><td class=\"has-text-align-left\" data-align=\"left\"><\/td><td class=\"has-text-align-left\" data-align=\"left\"><\/td><\/tr><\/tbody><\/table><\/figure>\n","protected":false},"excerpt":{"rendered":"<p>Conselho Fiscal Cargo Irm\u00e3o Loja PRESIDENTE Juliano Cunha Vinhal Loja Ma\u00e7\u00f4nica Amor e Justi\u00e7a 3\u00aa, n\u00ba 47 VICE-PRESIDENTE Jorge Cesar da Silva Loja Ma\u00e7\u00f4nica Renova\u00e7\u00e3o e Sabedoria, n\u00ba 3489 1\u00ba SECRET\u00c1RIO Luis Anthero Ribeiro Loja Ma\u00e7\u00f4nica Esfor\u00e7o e Trabalho, n\u00ba 67 2\u00ba SECRET\u00c1RIO Vando Lopes da Cruz Loja Ma\u00e7\u00f4nica\u00a0Alfredo Armada, n\u00ba 335 1\u00ba CONSELHEIRO C\u00e9sar&#8230;<\/p>\n","protected":false},"author":1,"featured_media":0,"parent":0,"menu_order":0,"comment_status":"closed","ping_status":"closed","template":"","meta":{"ngg_post_thumbnail":0,"footnotes":""},"class_list":["post-162","page","type-page","status-publish","hentry"],"_links":{"self":[{"href":"https:\/\/almpm.org.br\/index.php\/wp-json\/wp\/v2\/pages\/162","targetHints":{"allow":["GET"]}}],"collection":[{"href":"https:\/\/almpm.org.br\/index.php\/wp-json\/wp\/v2\/pages"}],"about":[{"href":"https:\/\/almpm.org.br\/index.php\/wp-json\/wp\/v2\/types\/page"}],"author":[{"embeddable":true,"href":"https:\/\/almpm.org.br\/index.php\/wp-json\/wp\/v2\/users\/1"}],"replies":[{"embeddable":true,"href":"https:\/\/almpm.org.br\/index.php\/wp-json\/wp\/v2\/comments?post=162"}],"version-history":[{"count":2,"href":"https:\/\/almpm.org.br\/index.php\/wp-json\/wp\/v2\/pages\/162\/revisions"}],"predecessor-version":[{"id":275,"href":"https:\/\/almpm.org.br\/index.php\/wp-json\/wp\/v2\/pages\/162\/revisions\/275"}],"wp:attachment":[{"href":"https:\/\/almpm.org.br\/index.php\/wp-json\/wp\/v2\/media?parent=162"}],"curies":[{"name":"wp","href":"https:\/\/api.w.org\/{rel}","templated":true}]}}