{"id":61,"date":"2024-10-03T10:28:53","date_gmt":"2024-10-03T13:28:53","guid":{"rendered":"http:\/\/almpm.org.br\/?page_id=61"},"modified":"2024-11-19T11:43:16","modified_gmt":"2024-11-19T14:43:16","slug":"quem-somos","status":"publish","type":"page","link":"http:\/\/almpm.org.br\/index.php\/quem-somos\/","title":{"rendered":"Quem Somos"},"content":{"rendered":"\n<h2 class=\"wp-block-heading\">Quem Somos<\/h2>\n\n\n\n<div class=\"wp-block-columns is-layout-flex wp-container-core-columns-is-layout-9d6595d7 wp-block-columns-is-layout-flex\">\n<div class=\"wp-block-column is-layout-flow wp-block-column-is-layout-flow\" style=\"flex-basis:55%\">\n<br>\n<p style=\"text-indent:4em; text-align: justify;\">A Associa\u00e7\u00e3o das Lojas Ma\u00e7onicas de Patos de Minas \u2013 ALMPM,&nbsp; foi fundada em 4 de dezembro de 2015, por Irm\u00e3os das Lojas Ma\u00e7\u00f4nicas:&nbsp;Amor e Justi\u00e7a 3\u00aa, n\u00ba 47; Esfor\u00e7o e Trabalho, n\u00ba 67; F\u00eanix do Alto Parana\u00edba, n\u00ba 2552; Paz e Harmonia, n\u00ba 281 e Renova\u00e7\u00e3o e Sabedoria, n\u00ba 3489.<\/p>\n\n\n\n<p style=\"text-indent:4em; text-align: justify;\">Naquele momento, pulsaram nos irm\u00e3os, desejos ardentes de praticar a benefic\u00eancia do modo mais amplo poss\u00edvel, especialmente a assist\u00eancia social aos menos favorecidos. Da mesma forma, os anseios para que fosse fortalecida a fraternidade entre os Irm\u00e3os e a Fam\u00edlia Ma\u00e7\u00f4nica de Patos de Minas, proclamando assim, os princ\u00edpios gerais da Ma\u00e7onaria Universal.<\/p>\n\n\n\n<p style=\"text-indent:4em; text-align: justify;\">Com base nesse objetivo, reuniram-se e deliberaram pela funda\u00e7\u00e3o de uma Associa\u00e7\u00e3o Ma\u00e7\u00f4nica, sem fins lucrativos, com finalidades de realiza\u00e7\u00e3o e administra\u00e7\u00e3o de eventos sociais para arrecada\u00e7\u00e3o de fundos e distribui\u00e7\u00e3o entre as entidades de assist\u00eancia social qualificadas como de interesse p\u00fablico.<\/p>\n\n\n\n<p style=\"text-indent:4em; text-align: justify;\">Antes e ap\u00f3s a funda\u00e7\u00e3o da ALMPM&nbsp;foram realizadas 8 edi\u00e7\u00f5es do \u201cLeil\u00e3o do Bem\u201d em Patos de Minas, nas quais foram arrecadados mais de R$ 1 milh\u00e3o, revertidos para&nbsp;3 entidades sociais de Patos de Minas, com o objetivo de auxiliar&nbsp;na manuten\u00e7\u00e3o de suas atividades.&nbsp;<\/p>\n\n\n\n<p style=\"text-indent:4em; text-align: justify;\">Em maio de 2024, a Loja Ma\u00e7\u00f4nica&nbsp;de Estudos e Pesquisas Alfredo Armada, n\u00ba 335 integrou-se \u00e0 ALMPM, refor\u00e7ando suas colunas de sustenta\u00e7\u00e3o.<\/p>\n<\/div>\n\n\n\n<div class=\"wp-block-column is-layout-flow wp-block-column-is-layout-flow\" style=\"flex-basis:45%\"><div class=\"wp-block-image\">\n<figure class=\"aligncenter size-medium\"><img loading=\"lazy\" decoding=\"async\" width=\"300\" height=\"246\" src=\"https:\/\/almpm.org.br\/wp-content\/uploads\/2024\/11\/Logo_ALMPM_Fundo_Transparente-300x246.png\" alt=\"\" class=\"wp-image-238\" style=\"aspect-ratio:1;object-fit:contain\" srcset=\"http:\/\/almpm.org.br\/wp-content\/uploads\/2024\/11\/Logo_ALMPM_Fundo_Transparente-300x246.png 300w, http:\/\/almpm.org.br\/wp-content\/uploads\/2024\/11\/Logo_ALMPM_Fundo_Transparente.png 552w\" sizes=\"auto, (max-width: 300px) 100vw, 300px\" \/><\/figure>\n<\/div>\n\n\n<div style=\"height:40px\" aria-hidden=\"true\" class=\"wp-block-spacer\"><\/div>\n\n\n<div class=\"wp-block-image\">\n<figure class=\"aligncenter size-medium\"><img loading=\"lazy\" decoding=\"async\" width=\"300\" height=\"225\" src=\"https:\/\/almpm.org.br\/wp-content\/uploads\/2024\/10\/leilao2019_-300x225.jpg\" alt=\"\" class=\"wp-image-131\" srcset=\"http:\/\/almpm.org.br\/wp-content\/uploads\/2024\/10\/leilao2019_-300x225.jpg 300w, http:\/\/almpm.org.br\/wp-content\/uploads\/2024\/10\/leilao2019_-600x451.jpg 600w, http:\/\/almpm.org.br\/wp-content\/uploads\/2024\/10\/leilao2019_.jpg 671w\" sizes=\"auto, (max-width: 300px) 100vw, 300px\" \/><figcaption class=\"wp-element-caption\">Leil\u00e3o do Bem 2019<\/figcaption><\/figure>\n<\/div><\/div>\n<\/div>\n\n\n\n<p><\/p>\n","protected":false},"excerpt":{"rendered":"<p>Quem Somos A Associa\u00e7\u00e3o das Lojas Ma\u00e7onicas de Patos de Minas \u2013 ALMPM,&nbsp; foi fundada em 4 de dezembro de 2015, por Irm\u00e3os das Lojas Ma\u00e7\u00f4nicas:&nbsp;Amor e Justi\u00e7a 3\u00aa, n\u00ba 47; Esfor\u00e7o e Trabalho, n\u00ba 67; F\u00eanix do Alto Parana\u00edba, n\u00ba 2552; Paz e Harmonia, n\u00ba 281 e Renova\u00e7\u00e3o e Sabedoria, n\u00ba 3489. Naquele momento,&#8230;<\/p>\n","protected":false},"author":1,"featured_media":0,"parent":0,"menu_order":0,"comment_status":"closed","ping_status":"closed","template":"","meta":{"ngg_post_thumbnail":0,"footnotes":""},"class_list":["post-61","page","type-page","status-publish","hentry"],"_links":{"self":[{"href":"http:\/\/almpm.org.br\/index.php\/wp-json\/wp\/v2\/pages\/61","targetHints":{"allow":["GET"]}}],"collection":[{"href":"http:\/\/almpm.org.br\/index.php\/wp-json\/wp\/v2\/pages"}],"about":[{"href":"http:\/\/almpm.org.br\/index.php\/wp-json\/wp\/v2\/types\/page"}],"author":[{"embeddable":true,"href":"http:\/\/almpm.org.br\/index.php\/wp-json\/wp\/v2\/users\/1"}],"replies":[{"embeddable":true,"href":"http:\/\/almpm.org.br\/index.php\/wp-json\/wp\/v2\/comments?post=61"}],"version-history":[{"count":18,"href":"http:\/\/almpm.org.br\/index.php\/wp-json\/wp\/v2\/pages\/61\/revisions"}],"predecessor-version":[{"id":257,"href":"http:\/\/almpm.org.br\/index.php\/wp-json\/wp\/v2\/pages\/61\/revisions\/257"}],"wp:attachment":[{"href":"http:\/\/almpm.org.br\/index.php\/wp-json\/wp\/v2\/media?parent=61"}],"curies":[{"name":"wp","href":"https:\/\/api.w.org\/{rel}","templated":true}]}}